{"id":1538,"date":"2025-11-14T17:06:25","date_gmt":"2025-11-14T16:06:25","guid":{"rendered":"https:\/\/sarthe.arcaam.fr\/?page_id=1538"},"modified":"2026-04-15T19:01:16","modified_gmt":"2026-04-15T17:01:16","slug":"interamicales-2026","status":"publish","type":"page","link":"https:\/\/sarthe.arcaam.fr\/index.php\/accueil\/interamicales\/interamicales-2026\/","title":{"rendered":"InterAmicales 2026"},"content":{"rendered":"\n<div class=\"wp-block-uagb-container uagb-block-494c42c4 alignfull uagb-is-root-container\"><div class=\"uagb-container-inner-blocks-wrap\">\n<div class=\"wp-block-uagb-container uagb-block-99f5f90c\">\n<div class=\"wp-block-uagb-container uagb-block-b461192a\"><\/div>\n\n\n\n<div class=\"wp-block-uagb-advanced-heading uagb-block-930f744f\"><h2 class=\"uagb-heading-text\">Inter Amicales 2026<\/h2><\/div>\n\n\n\n<div class=\"wp-block-uagb-info-box uagb-block-3dc4282b uagb-infobox__content-wrap  uagb-infobox-icon-above-title uagb-infobox-image-valign-top\"><div class=\"uagb-ifb-content\"><div class=\"uagb-ifb-title-wrap\"><\/div><p class=\"uagb-ifb-desc\">Responsables de l&rsquo;activit\u00e9 : <strong>Les trois d\u00e9partements \u00e0 tour de r\u00f4le.<\/strong><\/p><\/div><\/div>\n<\/div>\n<\/div><\/div>\n\n\n\n<div class=\"wp-block-uagb-container uagb-block-a4be572c alignfull uagb-is-root-container\"><div class=\"uagb-container-inner-blocks-wrap\">\n<div class=\"wp-block-uagb-container uagb-block-3503ee69 alignfull uagb-is-root-container\"><div class=\"uagb-container-inner-blocks-wrap\">\n<div class=\"wp-block-uagb-container uagb-block-89840300\">\n<div class=\"wp-block-uagb-advanced-heading uagb-block-17ab2b1b\"><h2 class=\"uagb-heading-text\">Inter amicales le jeudi 21 mai<\/h2><div class=\"uagb-separator\"><\/div><\/div>\n\n\n\n<div class=\"wp-block-uagb-container uagb-block-dad6862e\">\n<p>L&rsquo;ARCA53 organisera l&rsquo;inter amicales le 21 mai \u00e0 Ch\u00e2teau Gontier .<\/p>\n<\/div>\n<\/div>\n<\/div><\/div>\n<\/div><\/div>\n","protected":false},"excerpt":{"rendered":"<p>Inter Amicales 2026 Inter amicales le jeudi 21 mai L&rsquo;ARCA53 organisera l&rsquo;inter amicales le 21 mai \u00e0 Ch\u00e2teau Gontier .<\/p>\n","protected":false},"author":1,"featured_media":0,"parent":221,"menu_order":0,"comment_status":"closed","ping_status":"closed","template":"","meta":{"_uag_custom_page_level_css":"","site-sidebar-layout":"default","site-content-layout":"","ast-site-content-layout":"default","site-content-style":"default","site-sidebar-style":"default","ast-global-header-display":"","ast-banner-title-visibility":"","ast-main-header-display":"","ast-hfb-above-header-display":"","ast-hfb-below-header-display":"","ast-hfb-mobile-header-display":"","site-post-title":"disabled","ast-breadcrumbs-content":"","ast-featured-img":"","footer-sml-layout":"","ast-disable-related-posts":"","theme-transparent-header-meta":"","adv-header-id-meta":"","stick-header-meta":"","header-above-stick-meta":"","header-main-stick-meta":"","header-below-stick-meta":"","astra-migrate-meta-layouts":"default","ast-page-background-enabled":"default","ast-page-background-meta":{"desktop":{"background-color":"var(--ast-global-color-5)","background-image":"","background-repeat":"repeat","background-position":"center center","background-size":"auto","background-attachment":"scroll","background-type":"","background-media":"","overlay-type":"","overlay-color":"","overlay-opacity":"","overlay-gradient":""},"tablet":{"background-color":"","background-image":"","background-repeat":"repeat","background-position":"center center","background-size":"auto","background-attachment":"scroll","background-type":"","background-media":"","overlay-type":"","overlay-color":"","overlay-opacity":"","overlay-gradient":""},"mobile":{"background-color":"","background-image":"","background-repeat":"repeat","background-position":"center center","background-size":"auto","background-attachment":"scroll","background-type":"","background-media":"","overlay-type":"","overlay-color":"","overlay-opacity":"","overlay-gradient":""}},"ast-content-background-meta":{"desktop":{"background-color":"var(--ast-global-color-4)","background-image":"","background-repeat":"repeat","background-position":"center center","background-size":"auto","background-attachment":"scroll","background-type":"","background-media":"","overlay-type":"","overlay-color":"","overlay-opacity":"","overlay-gradient":""},"tablet":{"background-color":"var(--ast-global-color-4)","background-image":"","background-repeat":"repeat","background-position":"center center","background-size":"auto","background-attachment":"scroll","background-type":"","background-media":"","overlay-type":"","overlay-color":"","overlay-opacity":"","overlay-gradient":""},"mobile":{"background-color":"var(--ast-global-color-4)","background-image":"","background-repeat":"repeat","background-position":"center center","background-size":"auto","background-attachment":"scroll","background-type":"","background-media":"","overlay-type":"","overlay-color":"","overlay-opacity":"","overlay-gradient":""}},"footnotes":""},"class_list":["post-1538","page","type-page","status-publish","hentry"],"uagb_featured_image_src":{"full":false,"thumbnail":false,"medium":false,"medium_large":false,"large":false,"1536x1536":false,"2048x2048":false},"uagb_author_info":{"display_name":"admin5891","author_link":"https:\/\/sarthe.arcaam.fr\/index.php\/author\/admin5891\/"},"uagb_comment_info":0,"uagb_excerpt":"Inter Amicales 2026 Inter amicales le jeudi 21 mai L&rsquo;ARCA53 organisera l&rsquo;inter amicales le 21 mai \u00e0 Ch\u00e2teau Gontier .","_links":{"self":[{"href":"https:\/\/sarthe.arcaam.fr\/index.php\/wp-json\/wp\/v2\/pages\/1538","targetHints":{"allow":["GET"]}}],"collection":[{"href":"https:\/\/sarthe.arcaam.fr\/index.php\/wp-json\/wp\/v2\/pages"}],"about":[{"href":"https:\/\/sarthe.arcaam.fr\/index.php\/wp-json\/wp\/v2\/types\/page"}],"author":[{"embeddable":true,"href":"https:\/\/sarthe.arcaam.fr\/index.php\/wp-json\/wp\/v2\/users\/1"}],"replies":[{"embeddable":true,"href":"https:\/\/sarthe.arcaam.fr\/index.php\/wp-json\/wp\/v2\/comments?post=1538"}],"version-history":[{"count":1,"href":"https:\/\/sarthe.arcaam.fr\/index.php\/wp-json\/wp\/v2\/pages\/1538\/revisions"}],"predecessor-version":[{"id":2040,"href":"https:\/\/sarthe.arcaam.fr\/index.php\/wp-json\/wp\/v2\/pages\/1538\/revisions\/2040"}],"up":[{"embeddable":true,"href":"https:\/\/sarthe.arcaam.fr\/index.php\/wp-json\/wp\/v2\/pages\/221"}],"wp:attachment":[{"href":"https:\/\/sarthe.arcaam.fr\/index.php\/wp-json\/wp\/v2\/media?parent=1538"}],"curies":[{"name":"wp","href":"https:\/\/api.w.org\/{rel}","templated":true}]}}